{"id":141,"date":"2023-10-02T16:35:17","date_gmt":"2023-10-02T14:35:17","guid":{"rendered":"https:\/\/www.elektroanlagen-steininger.de\/?page_id=141"},"modified":"2023-10-02T16:35:17","modified_gmt":"2023-10-02T14:35:17","slug":"impressum","status":"publish","type":"page","link":"https:\/\/www.elektroanlagen-steininger.de\/?page_id=141","title":{"rendered":"IMPRESSUM"},"content":{"rendered":"\n<p>Diese Internetseite wird von der Elektroanlagen Steininger GmbH betrieben.<\/p>\n\n\n\n<p>Werktags: 08:00 &#8211; 17:00 Uhr<br>Sonn- und Feiertage:\u00a0 \u00a0 \u00a0\u00a0\u00a0\u00a0 geschlossen<br><br>Firmenanschrift:<br>Elektroanlagen Steininger GmbH<br>Hauptstra\u00dfe 22<br>85235 Egenburg<br>Deutschland<br>Telefon:\u00a0 +49 8134 | 92713<br>Telefax:\u00a0 +49 8134 | 92715<br>E-Mail:\u00a0 \u00a0steininger.egenburg@t-online.de<br>Web:\u00a0 \u00a0 \u00a0 \u00a0elektroanlagen-steininger.de<br>Sitz der Gesellschaft: Egenburg<br>Handelsregister: HRB 19 00 88 &#8211; Registergericht: M\u00fcnchen<br>Umsatzsteuer-Identifikationsnummer gem\u00e4\u00df \u00a7 27a Umsatzsteuergesetz: DE 275 661 753<br>Urheberrechte: \u00a9 Copyright Elektroanlagen Steininger GmbH, Egenburg (Deutschland). <br>Alle Rechte vorbehalten. Text, Bilder und Grafiken auf der Webseite unterliegen dem Schutz des Urheberrechts und anderer Schutzgesetze.<br><\/p>\n\n\n\n<p>Haftung<br>Diese Webseite wurde mit gr\u00f6\u00dftm\u00f6glicher Sorgfalt zusammengestellt. Trotzdem kann keine Gew\u00e4hr f\u00fcr die Fehlerfreiheit und Genauigkeit der enthaltenen Informationen \u00fcbernommen werden. Jegliche Haftung f\u00fcr Sch\u00e4den, die direkt oder indirekt aus der Benutzung dieser Webseite entstehen, wird ausgeschlossen, soweit diese nicht auf Vorsatz oder grober Fahrl\u00e4ssigkeit beruhen.<br><br>Die Webseite enth\u00e4lt generelle Informationen \u00fcber die Elektroanlagen Steininger GmbH und rechtliche Hinweise zu unserem Internetauftritt und unserem Produktangebot. Wenn Sie Fragen zum Unternehmen oder Anregungen zu Struktur und Inhalte unserer Internetseite und unserem Produktangebot haben, wenden Sie sich bitte an: steininger.egenburg@t-online.de<\/p>\n","protected":false},"excerpt":{"rendered":"<p>Diese Internetseite wird von der Elektroanlagen Steininger GmbH betrieben. Werktags: 08:00 &#8211; 17:00 UhrSonn- und Feiertage:\u00a0 \u00a0 \u00a0\u00a0\u00a0\u00a0 geschlossen Firmenanschrift:Elektroanlagen Steininger GmbHHauptstra\u00dfe [&hellip;]<\/p>\n","protected":false},"author":1,"featured_media":0,"parent":0,"menu_order":0,"comment_status":"closed","ping_status":"closed","template":"","meta":{"footnotes":""},"class_list":["post-141","page","type-page","status-publish","hentry"],"_links":{"self":[{"href":"https:\/\/www.elektroanlagen-steininger.de\/index.php?rest_route=\/wp\/v2\/pages\/141","targetHints":{"allow":["GET"]}}],"collection":[{"href":"https:\/\/www.elektroanlagen-steininger.de\/index.php?rest_route=\/wp\/v2\/pages"}],"about":[{"href":"https:\/\/www.elektroanlagen-steininger.de\/index.php?rest_route=\/wp\/v2\/types\/page"}],"author":[{"embeddable":true,"href":"https:\/\/www.elektroanlagen-steininger.de\/index.php?rest_route=\/wp\/v2\/users\/1"}],"replies":[{"embeddable":true,"href":"https:\/\/www.elektroanlagen-steininger.de\/index.php?rest_route=%2Fwp%2Fv2%2Fcomments&post=141"}],"version-history":[{"count":1,"href":"https:\/\/www.elektroanlagen-steininger.de\/index.php?rest_route=\/wp\/v2\/pages\/141\/revisions"}],"predecessor-version":[{"id":142,"href":"https:\/\/www.elektroanlagen-steininger.de\/index.php?rest_route=\/wp\/v2\/pages\/141\/revisions\/142"}],"wp:attachment":[{"href":"https:\/\/www.elektroanlagen-steininger.de\/index.php?rest_route=%2Fwp%2Fv2%2Fmedia&parent=141"}],"curies":[{"name":"wp","href":"https:\/\/api.w.org\/{rel}","templated":true}]}}