{"id":33,"date":"2023-10-02T10:26:38","date_gmt":"2023-10-02T08:26:38","guid":{"rendered":"https:\/\/www.elektroanlagen-steininger.de\/?page_id=33"},"modified":"2023-10-03T10:12:01","modified_gmt":"2023-10-03T08:12:01","slug":"herzlich-willkommen-seite","status":"publish","type":"page","link":"https:\/\/www.elektroanlagen-steininger.de\/","title":{"rendered":""},"content":{"rendered":"\n<div class=\"wp-block-media-text alignfull has-media-on-the-right is-stacked-on-mobile is-vertically-aligned-center is-image-fill is-style-default\" style=\"grid-template-columns:auto 52%\"><div class=\"wp-block-media-text__content\">\n<h3 class=\"wp-block-heading has-text-align-right has-text-color\" style=\"color:#000000;letter-spacing:2px\"><strong>Haben Sie ein Projekt geplant?<\/strong><\/h3>\n\n\n\n<p class=\"has-text-align-right has-text-color\" style=\"color:#636363;font-size:17px;letter-spacing:2px;line-height:1.1\">Als Fachbetrieb f\u00fcr Elektroinstallationen mit langj\u00e4hriger Erfahrung wissen wir wie wichtig es ist einen treuen und kompetenten Partner an der Seite zu haben. Deshalb unterst\u00fctzen wir Sie gerne, wo Sie es wirklich brauchen und handeln rasch und flexibel.<\/p>\n<\/div><figure class=\"wp-block-media-text__media\" style=\"background-image:url(https:\/\/www.elektroanlagen-steininger.de\/wp-content\/uploads\/2023\/10\/cropped-img_5393_neu-scaled-1-1024x576.jpg);background-position:50% 50%\"><img loading=\"lazy\" decoding=\"async\" width=\"1024\" height=\"576\" src=\"https:\/\/www.elektroanlagen-steininger.de\/wp-content\/uploads\/2023\/10\/cropped-img_5393_neu-scaled-1-1024x576.jpg\" alt=\"\" class=\"wp-image-46 size-full\" srcset=\"https:\/\/www.elektroanlagen-steininger.de\/wp-content\/uploads\/2023\/10\/cropped-img_5393_neu-scaled-1-1024x576.jpg 1024w, https:\/\/www.elektroanlagen-steininger.de\/wp-content\/uploads\/2023\/10\/cropped-img_5393_neu-scaled-1-300x169.jpg 300w, https:\/\/www.elektroanlagen-steininger.de\/wp-content\/uploads\/2023\/10\/cropped-img_5393_neu-scaled-1-768x432.jpg 768w, https:\/\/www.elektroanlagen-steininger.de\/wp-content\/uploads\/2023\/10\/cropped-img_5393_neu-scaled-1-1536x864.jpg 1536w, https:\/\/www.elektroanlagen-steininger.de\/wp-content\/uploads\/2023\/10\/cropped-img_5393_neu-scaled-1-1000x563.jpg 1000w, https:\/\/www.elektroanlagen-steininger.de\/wp-content\/uploads\/2023\/10\/cropped-img_5393_neu-scaled-1-230x129.jpg 230w, https:\/\/www.elektroanlagen-steininger.de\/wp-content\/uploads\/2023\/10\/cropped-img_5393_neu-scaled-1-350x197.jpg 350w, https:\/\/www.elektroanlagen-steininger.de\/wp-content\/uploads\/2023\/10\/cropped-img_5393_neu-scaled-1-480x270.jpg 480w, https:\/\/www.elektroanlagen-steininger.de\/wp-content\/uploads\/2023\/10\/cropped-img_5393_neu-scaled-1.jpg 1920w\" sizes=\"auto, (max-width: 1024px) 100vw, 1024px\" \/><\/figure><\/div>\n\n\n\n<p> <\/p>\n\n\n\n<p> <\/p>\n\n\n\n<div class=\"wp-block-media-text alignfull is-stacked-on-mobile is-vertically-aligned-center is-image-fill\" style=\"letter-spacing:2px;grid-template-columns:52% auto\"><figure class=\"wp-block-media-text__media\" style=\"background-image:url(https:\/\/www.elektroanlagen-steininger.de\/wp-content\/uploads\/2023\/10\/sat-anl.-2_neu-1024x552.jpg);background-position:50% 50%\"><img loading=\"lazy\" decoding=\"async\" width=\"1024\" height=\"552\" src=\"https:\/\/www.elektroanlagen-steininger.de\/wp-content\/uploads\/2023\/10\/sat-anl.-2_neu-1024x552.jpg\" alt=\"\" class=\"wp-image-119 size-full\" srcset=\"https:\/\/www.elektroanlagen-steininger.de\/wp-content\/uploads\/2023\/10\/sat-anl.-2_neu-1024x552.jpg 1024w, https:\/\/www.elektroanlagen-steininger.de\/wp-content\/uploads\/2023\/10\/sat-anl.-2_neu-300x162.jpg 300w, https:\/\/www.elektroanlagen-steininger.de\/wp-content\/uploads\/2023\/10\/sat-anl.-2_neu-768x414.jpg 768w, https:\/\/www.elektroanlagen-steininger.de\/wp-content\/uploads\/2023\/10\/sat-anl.-2_neu-1536x828.jpg 1536w, https:\/\/www.elektroanlagen-steininger.de\/wp-content\/uploads\/2023\/10\/sat-anl.-2_neu-2048x1104.jpg 2048w, https:\/\/www.elektroanlagen-steininger.de\/wp-content\/uploads\/2023\/10\/sat-anl.-2_neu-1000x539.jpg 1000w, https:\/\/www.elektroanlagen-steininger.de\/wp-content\/uploads\/2023\/10\/sat-anl.-2_neu-230x124.jpg 230w, https:\/\/www.elektroanlagen-steininger.de\/wp-content\/uploads\/2023\/10\/sat-anl.-2_neu-350x189.jpg 350w, https:\/\/www.elektroanlagen-steininger.de\/wp-content\/uploads\/2023\/10\/sat-anl.-2_neu-480x259.jpg 480w\" sizes=\"auto, (max-width: 1024px) 100vw, 1024px\" \/><\/figure><div class=\"wp-block-media-text__content\">\n<h3 class=\"wp-block-heading has-text-align-left has-text-color\" style=\"color:#000000;letter-spacing:2px\"><strong>Kleines oder gro\u00dfes Vorhaben?<\/strong><\/h3>\n\n\n\n<p class=\"has-text-align-left has-text-color\" style=\"color:#636363;font-size:17px;letter-spacing:2px;line-height:1.1\">Irgendwas ist immer. Ob im gro\u00dfen oder kleinen Rahmen. Ob es ein Tausch einer Satellitensch\u00fcssel oder Ihr Neubau ist, wir sorgen f\u00fcr die Umsetzung Ihrer W\u00fcnsche und erstellen Ihnen gerne ein unverbindliches Angebot.<\/p>\n<\/div><\/div>\n\n\n\n<p> <\/p>\n\n\n\n<p> <\/p>\n\n\n\n<div class=\"wp-block-media-text alignfull has-media-on-the-right is-stacked-on-mobile is-vertically-aligned-center is-image-fill is-style-default\" style=\"grid-template-columns:auto 56%\"><div class=\"wp-block-media-text__content\">\n<h3 class=\"wp-block-heading has-text-align-right has-text-color\" style=\"color:#000000;letter-spacing:2px\"><strong>Lassen Sie uns sprechen!<\/strong><\/h3>\n\n\n\n<p class=\"has-text-align-right has-text-color\" style=\"color:#636363;font-size:17px;letter-spacing:2px;line-height:1.1\">Von verbl\u00fcffend einfach bis aufw\u00e4ndig elegant. Kontaktieren Sie uns einfach und schnell per Telefon oder E-Mail.  <\/p>\n<\/div><figure class=\"wp-block-media-text__media\" style=\"background-image:url(https:\/\/www.elektroanlagen-steininger.de\/wp-content\/uploads\/2023\/10\/Reithalle-2-1024x768.jpg);background-position:50% 50%\"><img loading=\"lazy\" decoding=\"async\" width=\"1024\" height=\"768\" src=\"https:\/\/www.elektroanlagen-steininger.de\/wp-content\/uploads\/2023\/10\/Reithalle-2-1024x768.jpg\" alt=\"\" class=\"wp-image-118 size-full\" srcset=\"https:\/\/www.elektroanlagen-steininger.de\/wp-content\/uploads\/2023\/10\/Reithalle-2-1024x768.jpg 1024w, https:\/\/www.elektroanlagen-steininger.de\/wp-content\/uploads\/2023\/10\/Reithalle-2-300x225.jpg 300w, https:\/\/www.elektroanlagen-steininger.de\/wp-content\/uploads\/2023\/10\/Reithalle-2-768x576.jpg 768w, https:\/\/www.elektroanlagen-steininger.de\/wp-content\/uploads\/2023\/10\/Reithalle-2-1536x1152.jpg 1536w, https:\/\/www.elektroanlagen-steininger.de\/wp-content\/uploads\/2023\/10\/Reithalle-2-2048x1536.jpg 2048w, https:\/\/www.elektroanlagen-steininger.de\/wp-content\/uploads\/2023\/10\/Reithalle-2-1000x750.jpg 1000w, https:\/\/www.elektroanlagen-steininger.de\/wp-content\/uploads\/2023\/10\/Reithalle-2-230x173.jpg 230w, https:\/\/www.elektroanlagen-steininger.de\/wp-content\/uploads\/2023\/10\/Reithalle-2-350x263.jpg 350w, https:\/\/www.elektroanlagen-steininger.de\/wp-content\/uploads\/2023\/10\/Reithalle-2-480x360.jpg 480w\" sizes=\"auto, (max-width: 1024px) 100vw, 1024px\" \/><\/figure><\/div>\n\n\n\n<div class=\"wp-block-cover alignfull\" style=\"min-height:539px;aspect-ratio:unset;\"><span aria-hidden=\"true\" class=\"wp-block-cover__background has-background-dim-60 has-background-dim\"><\/span><img decoding=\"async\" class=\"wp-block-cover__image-background\" alt=\"\" src=\"https:\/\/s.w.org\/images\/core\/5.8\/forest.jpg\" style=\"object-position:49% 49%\" data-object-fit=\"cover\" data-object-position=\"49% 49%\"\/><div class=\"wp-block-cover__inner-container is-layout-flow wp-block-cover-is-layout-flow\">\n<h2 class=\"wp-block-heading alignwide has-text-align-left has-text-color\" style=\"color:#b90000;font-size:64px;letter-spacing:2px;text-indent:80px;\">Herbert Steininger.<\/h2>\n\n\n\n<div class=\"wp-block-columns alignwide is-layout-flex wp-container-core-columns-is-layout-28f84493 wp-block-columns-is-layout-flex\">\n<div class=\"wp-block-column is-layout-flow wp-block-column-is-layout-flow\" style=\"flex-basis:55%\">\n<p class=\"has-text-align-right\" style=\"letter-spacing:2px\">Herbert Steininger ist ein erfahrener Elektromeister und <br>erfolgreicher Gesch\u00e4ftsf\u00fchrer der Elektroanlagen Steininger GmbH. <\/p>\n\n\n\n<p class=\"has-text-align-right\" style=\"letter-spacing:2px\">Mit mehreren Jahrzehnten in der Elektrobranche verf\u00fcgt er \u00fcber umfassende Kenntnisse und Expertise im Bereich Elektroinstallationen und -reparaturen.<\/p>\n<\/div>\n\n\n\n<div class=\"wp-block-column is-layout-flow wp-block-column-is-layout-flow\">\n<div class=\"wp-block-media-text is-stacked-on-mobile\" style=\"grid-template-columns:52% auto\"><figure class=\"wp-block-media-text__media\"><img loading=\"lazy\" decoding=\"async\" width=\"2560\" height=\"1707\" src=\"https:\/\/www.elektroanlagen-steininger.de\/wp-content\/uploads\/2023\/10\/0img_5474-scaled.jpg\" alt=\"\" class=\"wp-image-132 size-full\" srcset=\"https:\/\/www.elektroanlagen-steininger.de\/wp-content\/uploads\/2023\/10\/0img_5474-scaled.jpg 2560w, https:\/\/www.elektroanlagen-steininger.de\/wp-content\/uploads\/2023\/10\/0img_5474-300x200.jpg 300w, https:\/\/www.elektroanlagen-steininger.de\/wp-content\/uploads\/2023\/10\/0img_5474-1024x683.jpg 1024w, https:\/\/www.elektroanlagen-steininger.de\/wp-content\/uploads\/2023\/10\/0img_5474-768x512.jpg 768w, https:\/\/www.elektroanlagen-steininger.de\/wp-content\/uploads\/2023\/10\/0img_5474-1536x1024.jpg 1536w, https:\/\/www.elektroanlagen-steininger.de\/wp-content\/uploads\/2023\/10\/0img_5474-2048x1365.jpg 2048w, https:\/\/www.elektroanlagen-steininger.de\/wp-content\/uploads\/2023\/10\/0img_5474-1000x667.jpg 1000w, https:\/\/www.elektroanlagen-steininger.de\/wp-content\/uploads\/2023\/10\/0img_5474-230x153.jpg 230w, https:\/\/www.elektroanlagen-steininger.de\/wp-content\/uploads\/2023\/10\/0img_5474-350x233.jpg 350w, https:\/\/www.elektroanlagen-steininger.de\/wp-content\/uploads\/2023\/10\/0img_5474-480x320.jpg 480w\" sizes=\"auto, (max-width: 2560px) 100vw, 2560px\" \/><\/figure><div class=\"wp-block-media-text__content\">\n<p style=\"letter-spacing:2px\"><strong>Langj\u00e4hriger <em>Gesch\u00e4fts<\/em>f\u00fchrer und -inhaber der Elektroanlagen Steininger GmbH.<\/strong><\/p>\n<\/div><\/div>\n<\/div>\n<\/div>\n<\/div><\/div>\n","protected":false},"excerpt":{"rendered":"<p>Haben Sie ein Projekt geplant? Als Fachbetrieb f\u00fcr Elektroinstallationen mit langj\u00e4hriger Erfahrung wissen wir wie wichtig es ist einen treuen und kompetenten [&hellip;]<\/p>\n","protected":false},"author":1,"featured_media":0,"parent":0,"menu_order":0,"comment_status":"closed","ping_status":"closed","template":"","meta":{"footnotes":""},"class_list":["post-33","page","type-page","status-publish","hentry"],"_links":{"self":[{"href":"https:\/\/www.elektroanlagen-steininger.de\/index.php?rest_route=\/wp\/v2\/pages\/33","targetHints":{"allow":["GET"]}}],"collection":[{"href":"https:\/\/www.elektroanlagen-steininger.de\/index.php?rest_route=\/wp\/v2\/pages"}],"about":[{"href":"https:\/\/www.elektroanlagen-steininger.de\/index.php?rest_route=\/wp\/v2\/types\/page"}],"author":[{"embeddable":true,"href":"https:\/\/www.elektroanlagen-steininger.de\/index.php?rest_route=\/wp\/v2\/users\/1"}],"replies":[{"embeddable":true,"href":"https:\/\/www.elektroanlagen-steininger.de\/index.php?rest_route=%2Fwp%2Fv2%2Fcomments&post=33"}],"version-history":[{"count":40,"href":"https:\/\/www.elektroanlagen-steininger.de\/index.php?rest_route=\/wp\/v2\/pages\/33\/revisions"}],"predecessor-version":[{"id":185,"href":"https:\/\/www.elektroanlagen-steininger.de\/index.php?rest_route=\/wp\/v2\/pages\/33\/revisions\/185"}],"wp:attachment":[{"href":"https:\/\/www.elektroanlagen-steininger.de\/index.php?rest_route=%2Fwp%2Fv2%2Fmedia&parent=33"}],"curies":[{"name":"wp","href":"https:\/\/api.w.org\/{rel}","templated":true}]}}